{"id":6669,"date":"2018-08-03T08:06:05","date_gmt":"2018-08-03T08:06:05","guid":{"rendered":"http:\/\/labtechco.themestek.com\/?page_id=6669"},"modified":"2024-11-10T04:40:28","modified_gmt":"2024-11-10T04:40:28","slug":"about-us","status":"publish","type":"page","link":"https:\/\/boattech.vn\/?page_id=6669","title":{"rendered":"Trang ch\u1ee7"},"content":{"rendered":"\t\t<div data-elementor-type=\"wp-page\" data-elementor-id=\"6669\" class=\"elementor elementor-6669\">\n\t\t\t\t\t\t\t<div class=\"elementor-element elementor-element-510abd5 e-flex e-con-boxed e-con\" data-id=\"510abd5\" data-element_type=\"container\" data-settings=\"{&quot;content_width&quot;:&quot;boxed&quot;}\">\n\t\t\t\t\t<div class=\"e-con-inner\">\n\t\t\t\t<div class=\"elementor-element elementor-element-88b6603 elementor-widget elementor-widget-text-editor\" data-id=\"88b6603\" data-element_type=\"widget\" data-widget_type=\"text-editor.default\">\n\t\t\t\t<div class=\"elementor-widget-container\">\n\t\t\t<style>\/*! elementor - v3.15.0 - 09-08-2023 *\/\n.elementor-widget-text-editor.elementor-drop-cap-view-stacked .elementor-drop-cap{background-color:#69727d;color:#fff}.elementor-widget-text-editor.elementor-drop-cap-view-framed .elementor-drop-cap{color:#69727d;border:3px solid;background-color:transparent}.elementor-widget-text-editor:not(.elementor-drop-cap-view-default) .elementor-drop-cap{margin-top:8px}.elementor-widget-text-editor:not(.elementor-drop-cap-view-default) .elementor-drop-cap-letter{width:1em;height:1em}.elementor-widget-text-editor .elementor-drop-cap{float:left;text-align:center;line-height:1;font-size:50px}.elementor-widget-text-editor .elementor-drop-cap-letter{display:inline-block}<\/style>\t\t\t\t<p><style>\n  .center-text {<br \/>    text-align: center;<br \/>    font-size: 30px;<br \/>  }<br \/>.custom-img {<br \/>     display: block;<br \/>    margin: 0 auto;<br \/>    width: 500px;<br \/>    height: auto;<br \/>  }<br \/><\/style><\/p><div class=\"center-text\" style=\"text-align: center;\"><b>T\u1ed4NG QUAN V\u1ec0 D\u1ecaCH V\u1ee4 BOATECH<\/b><\/div><p>D\u1ecbch v\u1ee5 s\u1eeda \u0111i\u1ec7n l\u1ea1nh c\u00f4ng nghi\u1ec7p tr\u00ean du thuy\u1ec1n v\u00e0 t\u00e0u bi\u1ec3n l\u00e0 m\u1ed9t ph\u1ea7n quan tr\u1ecdng c\u1ee7a ng\u00e0nh c\u00f4ng nghi\u1ec7p h\u00e0ng h\u1ea3i, \u0111\u00f3ng vai tr\u00f2 quy\u1ebft \u0111\u1ecbnh trong vi\u1ec7c duy tr\u00ec ho\u1ea1t \u0111\u1ed9ng li\u00ean t\u1ee5c v\u00e0 hi\u1ec7u qu\u1ea3 c\u1ee7a h\u1ec7 th\u1ed1ng l\u00e0m l\u1ea1nh v\u00e0 \u0111i\u1ec7n tr\u00ean c\u00e1c ph\u01b0\u01a1ng ti\u1ec7n th\u1ee7y. V\u1edbi s\u1ef1 ph\u00e1t tri\u1ec3n kh\u00f4ng ng\u1eebng c\u1ee7a ng\u00e0nh du l\u1ecbch bi\u1ec3n v\u00e0 v\u1eadn chuy\u1ec3n h\u00e0ng h\u00f3a tr\u00ean bi\u1ec3n, vi\u1ec7c duy tr\u00ec v\u00e0 b\u1ea3o tr\u00ec h\u1ec7 th\u1ed1ng l\u00e0m l\u1ea1nh v\u00e0 \u0111i\u1ec7n l\u00e0 y\u1ebfu t\u1ed1 thi\u1ebft y\u1ebfu \u0111\u1ec3 \u0111\u1ea3m b\u1ea3o an to\u00e0n, tho\u1ea3i m\u00e1i v\u00e0 hi\u1ec7u su\u1ea5t c\u1ee7a t\u00e0u bi\u1ec3n trong m\u1ecdi t\u00ecnh hu\u1ed1ng.<\/p><p><img loading=\"lazy\" decoding=\"async\" class=\"custom-img aligncenter\" src=\"https:\/\/boattech.vn\/wp-content\/uploads\/2023\/08\/z4571417182479_ae7966c6b0bef32919b9d192102e15f5.jpg\" alt=\"\" width=\"465\" height=\"621\" \/><\/p><p>Ng\u00e0y nay, t\u00e0u bi\u1ec3n kh\u00f4ng ch\u1ec9 \u0111\u01a1n thu\u1ea7n l\u00e0 ph\u01b0\u01a1ng ti\u1ec7n di chuy\u1ec3n tr\u00ean bi\u1ec3n m\u00e0 c\u00f2n mang trong m\u00ecnh m\u1ed9t h\u1ec7 th\u1ed1ng ph\u1ee9c t\u1ea1p v\u1ec1 c\u01a1 kh\u00ed, \u0111i\u1ec7n t\u1eed v\u00e0 l\u00e0m l\u1ea1nh. H\u1ec7 th\u1ed1ng l\u00e0m l\u1ea1nh kh\u00f4ng ch\u1ec9 \u0111\u1ea3m b\u1ea3o nhi\u1ec7t \u0111\u1ed9 v\u00e0 \u0111\u1ed9 \u1ea9m ph\u00f9 h\u1ee3p cho h\u00e0ng h\u00f3a v\u00e0 h\u00e0nh kh\u00e1ch, m\u00e0 c\u00f2n \u0111\u1ea3m b\u1ea3o ho\u1ea1t \u0111\u1ed9ng \u1ed5n \u0111\u1ecbnh c\u1ee7a c\u00e1c thi\u1ebft b\u1ecb quan tr\u1ecdng tr\u00ean t\u00e0u. C\u00f2n h\u1ec7 th\u1ed1ng \u0111i\u1ec7n l\u00e0 b\u1ed9 n\u00e3o c\u1ee7a t\u00e0u, \u0111\u1ea3m nhi\u1ec7m vai tr\u00f2 \u0111i\u1ec1u khi\u1ec3n, cung c\u1ea5p n\u0103ng l\u01b0\u1ee3ng v\u00e0 duy tr\u00ec ho\u1ea1t \u0111\u1ed9ng li\u00ean t\u1ee5c c\u1ee7a t\u1ea5t c\u1ea3 c\u00e1c h\u1ec7 th\u1ed1ng kh\u00e1c.<\/p><p><img loading=\"lazy\" decoding=\"async\" class=\"custom-img aligncenter\" src=\"https:\/\/boattech.vn\/wp-content\/uploads\/2023\/08\/z4571417193644_aec8b8963d8681c2fd46f5c3e9d072f6-scaled.jpg\" alt=\"\" width=\"525\" height=\"394\" \/><\/p><p>D\u1ecbch v\u1ee5 s\u1eeda \u0111i\u1ec7n l\u1ea1nh tr\u00ean du thuy\u1ec1n v\u00e0 t\u00e0u bi\u1ec3n kh\u00f4ng ch\u1ec9 \u0111\u1ea3m b\u1ea3o ho\u1ea1t \u0111\u1ed9ng \u1ed5n \u0111\u1ecbnh c\u1ee7a h\u1ec7 th\u1ed1ng m\u00e0 c\u00f2n gi\u00fap t\u1ed1i \u01b0u h\u00f3a hi\u1ec7u su\u1ea5t, ti\u1ebft ki\u1ec7m n\u0103ng l\u01b0\u1ee3ng v\u00e0 \u0111\u00e1p \u1ee9ng c\u00e1c y\u00eau c\u1ea7u v\u1ec1 b\u1ea3o v\u1ec7 m\u00f4i tr\u01b0\u1eddng. Nh\u1edd v\u00e0o s\u1ef1 hi\u1ec3u bi\u1ebft v\u1ec1 c\u00e1c lo\u1ea1i h\u1ec7 th\u1ed1ng v\u00e0 k\u1ef9 thu\u1eadt ti\u00ean ti\u1ebfn, c\u00e1c chuy\u00ean gia c\u00f3 th\u1ec3 \u0111\u1ec1 xu\u1ea5t c\u00e1c gi\u1ea3i ph\u00e1p n\u00e2ng c\u1ea5p \u0111\u1ec3 t\u0103ng t\u00ednh hi\u1ec7u qu\u1ea3 v\u00e0 s\u1ef1 ti\u1ec7n nghi tr\u00ean t\u00e0u.<\/p><p><img loading=\"lazy\" decoding=\"async\" class=\"custom-img aligncenter\" src=\"https:\/\/boattech.vn\/wp-content\/uploads\/2023\/08\/z4571417225191_a3b74dae2cb80a2e397f350e89af1e06.jpg\" alt=\"\" width=\"458\" height=\"611\" \/><\/p><p>\ud83c\udfe2 Th\u00f4ng tin li\u00ean h\u1ec7 \ud83c\udfe2<\/p><p>&#8211; Hotline: 081 323 4346 &#8211; T\u1ed1ng Linh<\/p><p>&#8211; Website: www.boattech.vn<\/p><p>&#8211; Email: infor@boattech.vn<\/p><p>&#8211; \u0110\u1ecba ch\u1ec9:<\/p><p>+ H\u1ed3 Ch\u00ed Minh: S\u1ed1 48\/82\/3A \u0110\u1eb7ng Nh\u1eef L\u00e2m, TT Nh\u00e0 B\u00e8, Qu\u1eadn 7, Th\u00e0nh ph\u1ed1 H\u1ed3 Ch\u00ed Minh<\/p>\t\t\t\t\t\t<\/div>\n\t\t\t\t<\/div>\n\t\t\t\t\t<\/div>\n\t\t\t\t<\/div>\n\t\t<div class=\"elementor-element elementor-element-79162b8 e-flex e-con-boxed e-con\" data-id=\"79162b8\" data-element_type=\"container\" data-settings=\"{&quot;content_width&quot;:&quot;boxed&quot;}\">\n\t\t\t\t\t<div class=\"e-con-inner\">\n\t\t\t\t<div class=\"elementor-element elementor-element-84e3904 elementor-widget elementor-widget-google_maps\" data-id=\"84e3904\" data-element_type=\"widget\" data-widget_type=\"google_maps.default\">\n\t\t\t\t<div class=\"elementor-widget-container\">\n\t\t\t<style>\/*! elementor - v3.15.0 - 09-08-2023 *\/\n.elementor-widget-google_maps .elementor-widget-container{overflow:hidden}.elementor-widget-google_maps .elementor-custom-embed{line-height:0}.elementor-widget-google_maps iframe{height:300px}<\/style>\t\t<div class=\"elementor-custom-embed\">\n\t\t\t<iframe loading=\"lazy\"\n\t\t\t\t\tsrc=\"https:\/\/maps.google.com\/maps?q=48%2F82%2F3A%20%C4%90%E1%BA%B7ng%20Nh%E1%BB%AF%20L%C3%A2m%2C%20TT%20Nh%C3%A0%20B%C3%A8%2C%20Huy%E1%BB%87n%20Nh%C3%A0%20B%C3%A8%2C%20Th%C3%A0nh%20Ph%E1%BB%91%20H%E1%BB%93%20Ch%C3%AD%20Minh&#038;t=m&#038;z=14&#038;output=embed&#038;iwloc=near\"\n\t\t\t\t\ttitle=\"48\/82\/3A \u0110\u1eb7ng Nh\u1eef L\u00e2m, TT Nh\u00e0 B\u00e8, Huy\u1ec7n Nh\u00e0 B\u00e8, Th\u00e0nh Ph\u1ed1 H\u1ed3 Ch\u00ed Minh\"\n\t\t\t\t\taria-label=\"48\/82\/3A \u0110\u1eb7ng Nh\u1eef L\u00e2m, TT Nh\u00e0 B\u00e8, Huy\u1ec7n Nh\u00e0 B\u00e8, Th\u00e0nh Ph\u1ed1 H\u1ed3 Ch\u00ed Minh\"\n\t\t\t><\/iframe>\n\t\t<\/div>\n\t\t\t\t<\/div>\n\t\t\t\t<\/div>\n\t\t\t\t\t<\/div>\n\t\t\t\t<\/div>\n\t\t\t\t\t\t\t<\/div>\n\t\t","protected":false},"excerpt":{"rendered":"<p>T\u1ed4NG QUAN V\u1ec0 D\u1ecaCH V\u1ee4 BOATECH D\u1ecbch v\u1ee5 s\u1eeda \u0111i\u1ec7n l\u1ea1nh c\u00f4ng nghi\u1ec7p tr\u00ean du thuy\u1ec1n v\u00e0 t\u00e0u bi\u1ec3n l\u00e0 m\u1ed9t ph\u1ea7n quan tr\u1ecdng c\u1ee7a ng\u00e0nh c\u00f4ng nghi\u1ec7p h\u00e0ng h\u1ea3i, \u0111\u00f3ng vai tr\u00f2 quy\u1ebft \u0111\u1ecbnh trong vi\u1ec7c duy tr\u00ec ho\u1ea1t \u0111\u1ed9ng li\u00ean t\u1ee5c v\u00e0 hi\u1ec7u qu\u1ea3 c\u1ee7a h\u1ec7 th\u1ed1ng l\u00e0m l\u1ea1nh v\u00e0 \u0111i\u1ec7n tr\u00ean c\u00e1c &hellip; <a href=\"https:\/\/boattech.vn\/?page_id=6669\" class=\"more-link\">Continue reading <span class=\"screen-reader-text\">Trang ch\u1ee7<\/span><\/a><\/p>\n","protected":false},"author":1,"featured_media":0,"parent":0,"menu_order":4,"comment_status":"closed","ping_status":"closed","template":"","meta":{"footnotes":""},"class_list":["post-6669","page","type-page","status-publish","hentry"],"yoast_head":"<!-- This site is optimized with the Yoast SEO plugin v23.8 - https:\/\/yoast.com\/wordpress\/plugins\/seo\/ -->\n<title>Trang ch\u1ee7 - Boattech<\/title>\n<meta name=\"robots\" content=\"index, follow, max-snippet:-1, max-image-preview:large, max-video-preview:-1\" \/>\n<link rel=\"canonical\" href=\"https:\/\/boattech.vn\/?page_id=6669\" \/>\n<meta property=\"og:locale\" content=\"en_US\" \/>\n<meta property=\"og:type\" content=\"article\" \/>\n<meta property=\"og:title\" content=\"Trang ch\u1ee7 - Boattech\" \/>\n<meta property=\"og:description\" content=\"T\u1ed4NG QUAN V\u1ec0 D\u1ecaCH V\u1ee4 BOATECH D\u1ecbch v\u1ee5 s\u1eeda \u0111i\u1ec7n l\u1ea1nh c\u00f4ng nghi\u1ec7p tr\u00ean du thuy\u1ec1n v\u00e0 t\u00e0u bi\u1ec3n l\u00e0 m\u1ed9t ph\u1ea7n quan tr\u1ecdng c\u1ee7a ng\u00e0nh c\u00f4ng nghi\u1ec7p h\u00e0ng h\u1ea3i, \u0111\u00f3ng vai tr\u00f2 quy\u1ebft \u0111\u1ecbnh trong vi\u1ec7c duy tr\u00ec ho\u1ea1t \u0111\u1ed9ng li\u00ean t\u1ee5c v\u00e0 hi\u1ec7u qu\u1ea3 c\u1ee7a h\u1ec7 th\u1ed1ng l\u00e0m l\u1ea1nh v\u00e0 \u0111i\u1ec7n tr\u00ean c\u00e1c &hellip; Continue reading Trang ch\u1ee7\" \/>\n<meta property=\"og:url\" content=\"https:\/\/boattech.vn\/?page_id=6669\" \/>\n<meta property=\"og:site_name\" content=\"Boattech\" \/>\n<meta property=\"article:modified_time\" content=\"2024-11-10T04:40:28+00:00\" \/>\n<meta property=\"og:image\" content=\"https:\/\/boattech.vn\/wp-content\/uploads\/2023\/08\/z4571417182479_ae7966c6b0bef32919b9d192102e15f5.jpg\" \/>\n<meta name=\"twitter:card\" content=\"summary_large_image\" \/>\n<meta name=\"twitter:label1\" content=\"Est. reading time\" \/>\n\t<meta name=\"twitter:data1\" content=\"3 minutes\" \/>\n<script type=\"application\/ld+json\" class=\"yoast-schema-graph\">{\"@context\":\"https:\/\/schema.org\",\"@graph\":[{\"@type\":\"WebPage\",\"@id\":\"https:\/\/boattech.vn\/?page_id=6669\",\"url\":\"https:\/\/boattech.vn\/?page_id=6669\",\"name\":\"Trang ch\u1ee7 - Boattech\",\"isPartOf\":{\"@id\":\"https:\/\/boattech.vn\/#website\"},\"primaryImageOfPage\":{\"@id\":\"https:\/\/boattech.vn\/?page_id=6669#primaryimage\"},\"image\":{\"@id\":\"https:\/\/boattech.vn\/?page_id=6669#primaryimage\"},\"thumbnailUrl\":\"https:\/\/boattech.vn\/wp-content\/uploads\/2023\/08\/z4571417182479_ae7966c6b0bef32919b9d192102e15f5.jpg\",\"datePublished\":\"2018-08-03T08:06:05+00:00\",\"dateModified\":\"2024-11-10T04:40:28+00:00\",\"breadcrumb\":{\"@id\":\"https:\/\/boattech.vn\/?page_id=6669#breadcrumb\"},\"inLanguage\":\"en-US\",\"potentialAction\":[{\"@type\":\"ReadAction\",\"target\":[\"https:\/\/boattech.vn\/?page_id=6669\"]}]},{\"@type\":\"ImageObject\",\"inLanguage\":\"en-US\",\"@id\":\"https:\/\/boattech.vn\/?page_id=6669#primaryimage\",\"url\":\"https:\/\/boattech.vn\/wp-content\/uploads\/2023\/08\/z4571417182479_ae7966c6b0bef32919b9d192102e15f5.jpg\",\"contentUrl\":\"https:\/\/boattech.vn\/wp-content\/uploads\/2023\/08\/z4571417182479_ae7966c6b0bef32919b9d192102e15f5.jpg\",\"width\":1920,\"height\":2560},{\"@type\":\"BreadcrumbList\",\"@id\":\"https:\/\/boattech.vn\/?page_id=6669#breadcrumb\",\"itemListElement\":[{\"@type\":\"ListItem\",\"position\":1,\"name\":\"Home\",\"item\":\"https:\/\/boattech.vn\/\"},{\"@type\":\"ListItem\",\"position\":2,\"name\":\"Trang ch\u1ee7\"}]},{\"@type\":\"WebSite\",\"@id\":\"https:\/\/boattech.vn\/#website\",\"url\":\"https:\/\/boattech.vn\/\",\"name\":\"Boattech\",\"description\":\"K\u1ef9 Thu\u1eadt Du Thuy\u1ec1n\",\"potentialAction\":[{\"@type\":\"SearchAction\",\"target\":{\"@type\":\"EntryPoint\",\"urlTemplate\":\"https:\/\/boattech.vn\/?s={search_term_string}\"},\"query-input\":{\"@type\":\"PropertyValueSpecification\",\"valueRequired\":true,\"valueName\":\"search_term_string\"}}],\"inLanguage\":\"en-US\"}]}<\/script>\n<!-- \/ Yoast SEO plugin. -->","yoast_head_json":{"title":"Trang ch\u1ee7 - Boattech","robots":{"index":"index","follow":"follow","max-snippet":"max-snippet:-1","max-image-preview":"max-image-preview:large","max-video-preview":"max-video-preview:-1"},"canonical":"https:\/\/boattech.vn\/?page_id=6669","og_locale":"en_US","og_type":"article","og_title":"Trang ch\u1ee7 - Boattech","og_description":"T\u1ed4NG QUAN V\u1ec0 D\u1ecaCH V\u1ee4 BOATECH D\u1ecbch v\u1ee5 s\u1eeda \u0111i\u1ec7n l\u1ea1nh c\u00f4ng nghi\u1ec7p tr\u00ean du thuy\u1ec1n v\u00e0 t\u00e0u bi\u1ec3n l\u00e0 m\u1ed9t ph\u1ea7n quan tr\u1ecdng c\u1ee7a ng\u00e0nh c\u00f4ng nghi\u1ec7p h\u00e0ng h\u1ea3i, \u0111\u00f3ng vai tr\u00f2 quy\u1ebft \u0111\u1ecbnh trong vi\u1ec7c duy tr\u00ec ho\u1ea1t \u0111\u1ed9ng li\u00ean t\u1ee5c v\u00e0 hi\u1ec7u qu\u1ea3 c\u1ee7a h\u1ec7 th\u1ed1ng l\u00e0m l\u1ea1nh v\u00e0 \u0111i\u1ec7n tr\u00ean c\u00e1c &hellip; Continue reading Trang ch\u1ee7","og_url":"https:\/\/boattech.vn\/?page_id=6669","og_site_name":"Boattech","article_modified_time":"2024-11-10T04:40:28+00:00","og_image":[{"url":"https:\/\/boattech.vn\/wp-content\/uploads\/2023\/08\/z4571417182479_ae7966c6b0bef32919b9d192102e15f5.jpg"}],"twitter_card":"summary_large_image","twitter_misc":{"Est. reading time":"3 minutes"},"schema":{"@context":"https:\/\/schema.org","@graph":[{"@type":"WebPage","@id":"https:\/\/boattech.vn\/?page_id=6669","url":"https:\/\/boattech.vn\/?page_id=6669","name":"Trang ch\u1ee7 - Boattech","isPartOf":{"@id":"https:\/\/boattech.vn\/#website"},"primaryImageOfPage":{"@id":"https:\/\/boattech.vn\/?page_id=6669#primaryimage"},"image":{"@id":"https:\/\/boattech.vn\/?page_id=6669#primaryimage"},"thumbnailUrl":"https:\/\/boattech.vn\/wp-content\/uploads\/2023\/08\/z4571417182479_ae7966c6b0bef32919b9d192102e15f5.jpg","datePublished":"2018-08-03T08:06:05+00:00","dateModified":"2024-11-10T04:40:28+00:00","breadcrumb":{"@id":"https:\/\/boattech.vn\/?page_id=6669#breadcrumb"},"inLanguage":"en-US","potentialAction":[{"@type":"ReadAction","target":["https:\/\/boattech.vn\/?page_id=6669"]}]},{"@type":"ImageObject","inLanguage":"en-US","@id":"https:\/\/boattech.vn\/?page_id=6669#primaryimage","url":"https:\/\/boattech.vn\/wp-content\/uploads\/2023\/08\/z4571417182479_ae7966c6b0bef32919b9d192102e15f5.jpg","contentUrl":"https:\/\/boattech.vn\/wp-content\/uploads\/2023\/08\/z4571417182479_ae7966c6b0bef32919b9d192102e15f5.jpg","width":1920,"height":2560},{"@type":"BreadcrumbList","@id":"https:\/\/boattech.vn\/?page_id=6669#breadcrumb","itemListElement":[{"@type":"ListItem","position":1,"name":"Home","item":"https:\/\/boattech.vn\/"},{"@type":"ListItem","position":2,"name":"Trang ch\u1ee7"}]},{"@type":"WebSite","@id":"https:\/\/boattech.vn\/#website","url":"https:\/\/boattech.vn\/","name":"Boattech","description":"K\u1ef9 Thu\u1eadt Du Thuy\u1ec1n","potentialAction":[{"@type":"SearchAction","target":{"@type":"EntryPoint","urlTemplate":"https:\/\/boattech.vn\/?s={search_term_string}"},"query-input":{"@type":"PropertyValueSpecification","valueRequired":true,"valueName":"search_term_string"}}],"inLanguage":"en-US"}]}},"_links":{"self":[{"href":"https:\/\/boattech.vn\/index.php?rest_route=\/wp\/v2\/pages\/6669","targetHints":{"allow":["GET"]}}],"collection":[{"href":"https:\/\/boattech.vn\/index.php?rest_route=\/wp\/v2\/pages"}],"about":[{"href":"https:\/\/boattech.vn\/index.php?rest_route=\/wp\/v2\/types\/page"}],"author":[{"embeddable":true,"href":"https:\/\/boattech.vn\/index.php?rest_route=\/wp\/v2\/users\/1"}],"replies":[{"embeddable":true,"href":"https:\/\/boattech.vn\/index.php?rest_route=%2Fwp%2Fv2%2Fcomments&post=6669"}],"version-history":[{"count":45,"href":"https:\/\/boattech.vn\/index.php?rest_route=\/wp\/v2\/pages\/6669\/revisions"}],"predecessor-version":[{"id":16029,"href":"https:\/\/boattech.vn\/index.php?rest_route=\/wp\/v2\/pages\/6669\/revisions\/16029"}],"wp:attachment":[{"href":"https:\/\/boattech.vn\/index.php?rest_route=%2Fwp%2Fv2%2Fmedia&parent=6669"}],"curies":[{"name":"wp","href":"https:\/\/api.w.org\/{rel}","templated":true}]}}